{"id":847,"date":"2023-09-11T17:12:05","date_gmt":"2023-09-11T17:12:05","guid":{"rendered":"https:\/\/blockart-agency.sites.qsandbox.com\/?page_id=847"},"modified":"2025-02-19T15:23:11","modified_gmt":"2025-02-19T15:23:11","slug":"refund_returns-2","status":"publish","type":"page","link":"https:\/\/grupoalcon.com\/GrupoAlconWeb\/refund_returns-2\/","title":{"rendered":"Aviso de privacidad"},"content":{"rendered":"\n<p>Entre las empresas filiales y\/o subsidiarias pertenecientes a Grupo AlCon se pueden encontrar: Inmobiliaria Granjas de la Loma SAPI de C.V., Grupo Inmobiliario Granjas de Le\u00f3n S.A. de CV, Administradora y Operadora de CC de Le\u00f3n S.A. de C.V., Asociaci\u00f3n de Cond\u00f3minos Centro Comercial Plaza Mayor A.C., Servicios Corporativos Plaza Mayor S.A. de C.V., Arlomar, S.A. de C.V., Operadora Cerro Gordo S.A. de C.V., Impulsora Mexicana de Servicios S.A. de C.V., y Desarrolladora la Mezquitera S.A. de C.V.<\/p>\n\n\n\n<p><h2><strong>Importancia del tratamiento de sus datos personales.<\/strong><\/h2><\/p>\n\n\n\n<p>Grupo AlCon y todo su personal reconoce la importancia del adecuado tratamiento de sus datos personales y, como consecuencia de ello, ha implementado diversos controles y medidas de seguridad administrativas, t\u00e9cnicas y f\u00edsicas orientados a que dicha informaci\u00f3n conserve el car\u00e1cter de confidencial y a prevenir un da\u00f1o, p\u00e9rdida, alteraci\u00f3n, destrucci\u00f3n, uso indebido, acceso y\/o tratamiento no autorizados, de conformidad con lo dispuesto en la Ley Federal de Protecci\u00f3n de Datos Personales en Posesi\u00f3n de Particulares (en lo sucesivo: LFPDPPP), y dem\u00e1s legislaci\u00f3n aplicable en la materia (en adelante: la Ley).<\/p>\n\n\n\n<p><h2><strong>R<\/strong><strong style=\"color: var(--ast-global-color-2); font-size: 2rem;\">esponsable del tratamiento.<\/strong><\/h2><\/p>\n\n\n\n<p>El responsable de recabar sus datos personales, del uso que se les d\u00e9 y de la protecci\u00f3n de los mismos es: Inmobiliaria Granjas de la Loma SAPI de CV (en lo sucesivo: IGL), con domicilio ubicado en Blvd. Juan Alonso de Torres # 2002 int. 3001, Col. Valle del Campestre, C.P. 37125, en la ciudad de Le\u00f3n, Guanajuato.<\/p>\n\n\n\n<p><h2><strong>C\u00f3mo obtenemos sus datos personales.<\/strong><\/h2><\/p>\n\n\n\n<p>Podemos conseguir informaci\u00f3n sobre usted a trav\u00e9s de diversas fuentes, como: cuando la obtenemos de forma directa, cuando visita nuestros sitios, cuando utiliza nuestros servicios o redes sociales en l\u00ednea y por \u00faltimo, cuando la recopilamos de otros or\u00edgenes que permite la Ley.<\/p>\n\n\n\n<p>Para asegurar la buena administraci\u00f3n de nuestros sitios web y facilitar una mejor navegaci\u00f3n dentro de los mismos, se pueden utilizar \u00abcookies\u00bb (breves archivos de texto almacenados en el navegador del usuario) o \u00abweb beacons\u00bb (im\u00e1genes electr\u00f3nicas que permiten contar el n\u00famero de visitantes y usuarios que han ingresado a un sitio web) para almacenar, agregar y reportar informaci\u00f3n.<\/p>\n\n\n\n<p>IGL puede usar estas herramientas como fuente de informaci\u00f3n \u00fatil y efectiva para rastrear informaci\u00f3n e identificar categor\u00edas de usuarios como nombres, direcciones IP, dominio, tipo de navegador y p\u00e1ginas visitadas. Sin embargo, no recaba: n\u00fameros de cuenta, contrase\u00f1as, c\u00f3digos de seguridad bancarios u otros similares.<\/p>\n\n\n\n<p>En circunstancias espec\u00edficas, el acceso puede ser denegado en ciertas partes de nuestros sitios a aquellos visitantes y usuarios cuyos navegadores no permitan el uso de \u00abcookies\u00bb. Usted puede deshabilitar estas tecnolog\u00edas siguiendo los medios que indica el navegador de internet que utiliza.<\/p>\n\n\n\n<p>Por motivos de seguridad, Grupo AlCon dispone equipos de video-vigilancia en sus instalaciones, capaces de recopilar im\u00e1genes, fotograf\u00edas, videos, voces y\/o sonidos, orientados a hacer identificable a cualquier individuo que se encuentre o transite por ellas.<\/p>\n\n\n\n<p><h2><strong>Datos personales que son recabados.<\/strong><\/h2><\/p>\n\n\n\n<p>Entre la informaci\u00f3n que podemos recopilar de usted, se encuentra:<\/p>\n\n\n\n<ul class=\"wp-block-list\">\n<li>Nombre, lugar y fecha de nacimiento, domicilio<\/li>\n\n\n\n<li>nacionalidad e informaci\u00f3n demogr\u00e1fica, como: estado civil y n\u00famero de familiares o dependientes<\/li>\n<\/ul>\n\n\n\n<p>econ\u00f3micos;<\/p>\n\n\n\n<ul class=\"wp-block-list\">\n<li>Notaciones de identificaci\u00f3n personal, como: Clave \u00danica de Registro de Poblaci\u00f3n (CURP), Registro Federal de Contribuyentes (RFC) y\/o n\u00famero de afiliaci\u00f3n al Instituto Mexicano del Seguro Social (IMSS)<\/li>\n\n\n\n<li>Detalle de contacto y\/o referencia: v\u00ednculo, n\u00fameros telef\u00f3nicos o correos electr\u00f3nicos<\/li>\n\n\n\n<li>Rese\u00f1a acad\u00e9mica y\/o profesional<\/li>\n\n\n\n<li>Situaci\u00f3n patrimonial y\/o financiera, con: relaci\u00f3n de cuentas, instituciones bancarias e historial crediticio<\/li>\n<\/ul>\n\n\n\n<ul class=\"wp-block-list\">\n<li>Cualquier otra de naturaleza an\u00e1loga que nos permita operar y cumplir con nuestras obligaciones comerciales, administrativas y laborales.<\/li>\n<\/ul>\n\n\n\n<p>Grupo AlCon no solicita a sus clientes datos personales sensibles que puedan revelar aspectos como origen racial o \u00e9tnico, estado de salud actual y futura, informaci\u00f3n gen\u00e9tica, creencias religiosas, filos\u00f3ficas y morales, afiliaci\u00f3n sindical, opiniones pol\u00edticas o preferencia sexual.<\/p>\n\n\n\n<p><h2><strong><strong>Finalidades del tratamiento.<\/strong><\/strong><\/h2><\/p>\n\n\n\n<p>Usamos los datos recogidos para brindarle los productos y servicios que solicita, para mantenerlo informado y poder administrar nuestros portales, primordialmente con las siguientes finalidades:<\/p>\n\n\n\n<ul class=\"wp-block-list\">\n<li>Integrar nuestro padr\u00f3n de clientes, prospectos y\/o contactos<\/li>\n\n\n\n<li>Elaborar y celebrar contratos de: arrendamiento, eventos o prestaci\u00f3n de servicios<\/li>\n\n\n\n<li>Proveer los servicios o productos contratados<\/li>\n\n\n\n<li>Exigir el cumplimiento de las partes a las obligaciones contractuales<\/li>\n\n\n\n<li>Informar sobre modificaciones o condiciones relacionados con un contrato adquirido, as\u00ed como sobre otros productos y servicios que ofrece Grupo AlCon<\/li>\n<\/ul>\n\n\n\n<ul class=\"wp-block-list\">\n<li>Elaborar estudios de mercadotecnia, segmentaci\u00f3n, estad\u00edsticas y calidad<\/li>\n\n\n\n<li>Atender sus dudas, quejas y sugerencias<\/li>\n\n\n\n<li>Invitarlo a participar en nuestros concursos, sorteos o actividades en redes sociales<\/li>\n\n\n\n<li>Constituir parte activa en nuestros programas informativos, comerciales o promocionales<\/li>\n<\/ul>\n\n\n\n<p><h2><strong><strong>Transferencia de datos.<\/strong><\/strong><\/h2><\/p>\n\n\n\n<p>Grupo AlCon podr\u00e1 transferir sus datos personales a terceros nacionales o extranjeros, as\u00ed como a nuestras empresas filiales y\/o subsidiarias, con la obligaci\u00f3n de comunicar a \u00e9stos el contenido de este Aviso de Privacidad y en el entendido de que el tercero receptor asumir\u00e1 las mismas obligaciones que correspondan a IGL. As\u00ed mismo, cuando le sean requeridos por las autoridades en cumplimiento de la LFPDPPP, esto \u00faltimo, sin la necesidad de tener el consentimiento del titular.<\/p>\n\n\n\n<p><h2><strong><strong>Aceptaci\u00f3n del tratamiento<\/strong>.<\/strong><\/h2><\/p>\n\n\n\n<p>El hecho de proporcionar sus datos personales de manera directa o indirecta, al completar los formatos impresos, electr\u00f3nicos y dem\u00e1s medios que Grupo AlCon dispone, supone su aceptaci\u00f3n integra y expresa del presente Aviso de Privacidad as\u00ed como de cualquier modificaci\u00f3n y\/o actualizaci\u00f3n del mismo.<\/p>\n\n\n\n<p><h2><strong><strong>Procedimiento para el ejercicio de los derechos de Acceso, Rectificaci\u00f3n, Cancelaci\u00f3n y<\/strong> personales que son recabado<\/strong><strong style=\"color: var(--ast-global-color-3); font-size: revert; background-color: var(--ast-global-color-5);\">s y o<\/strong><strong style=\"font-size: revert; color: var(--ast-global-color-3); background-color: var(--ast-global-color-5);\">posici\u00f3n (en adelante: ARCO), Revocaci\u00f3n del Consentimiento o Restricci\u00f3n de la transferencia de sus datos personales.<\/strong><span style=\"font-size: revert; color: var(--ast-global-color-3); background-color: var(--ast-global-color-5); font-weight: 400;\"> <\/span><\/h2><\/p>\n\n\n\n<p>Usted o su representante legal, en su caso, est\u00e1n en posibilidad de ejercer cualquiera de los derechos ARCO, as\u00ed como de revocar el consentimiento para el tratamiento o transferencia de sus datos personales, para lo cual deber\u00e1 solicitar un formato de \u201cSolicitud para ejercer Derechos de Acceso, Rectificaci\u00f3n, Cancelaci\u00f3n y Oposici\u00f3n (ARCO), Revocaci\u00f3n del Consentimiento o Restricci\u00f3n de Transferencia\u201d (en adelante: la Solicitud), ya sea de manera directa o mediante correo electr\u00f3nico al Departamento de Datos Personales de IGL (en adelante: el Departamento).<\/p>\n\n\n\n<p>La presentaci\u00f3n formal de su gesti\u00f3n inicia mediante la presentaci\u00f3n o env\u00edo de la Solicitud debidamente contestada, con su informaci\u00f3n correcta y completa debe presentarse o remitirse a la direcci\u00f3n electr\u00f3nica del Departamento, que la revisar\u00e1 y determinar\u00e1 si cuenta con los elementos necesarios para atender su gesti\u00f3n.<\/p>\n\n\n\n<p>Es requisito que usted se\u00f1ale en la Solicitud el documento con cuya copia le acompa\u00f1ar\u00e1 para acreditar su identidad, como: Credencial del Instituto Federal Electoral, Pasaporte vigente, C\u00e9dula Profesional, Cartilla del Servicio Militar Nacional, Credencial de afiliaci\u00f3n del IMSS, al ISSSTE o documento migratorio que constate su legal estancia como extranjero en el pa\u00eds.<\/p>\n\n\n\n<p>En caso de que, a juicio del Departamento, la informaci\u00f3n de la Solicitud sea incorrecta, est\u00e9 incompleta, o falten documentos de acreditaci\u00f3n, \u00e9ste podr\u00e1 requerirle que proporcione los elementos debidos, dentro de los cinco (5) d\u00edas h\u00e1biles sucesivos a la recepci\u00f3n de la Solicitud. Usted dispondr\u00e1 de diez (10) d\u00edas h\u00e1biles para atender el requerimiento, contados desde el d\u00eda siguiente en que haya recibido el mismo. No se considerar\u00e1 presentada la Solicitud correspondiente en caso de que usted no presente respuesta en el plazo establecido.<\/p>\n\n\n\n<p>El Departamento le informar\u00e1 sobre la procedencia de su petici\u00f3n as\u00ed como la disposici\u00f3n a adoptar, en un plazo no mayor a veinte (20) d\u00edas h\u00e1biles contados a partir de la fecha en que la recibi\u00f3. Si la consideraci\u00f3n resulta procedente, se efectuar\u00e1 la resoluci\u00f3n dentro de los quince (15) d\u00edas h\u00e1biles desde haberle comunicado la decisi\u00f3n y se le notificar\u00e1 una vez concluida su implementaci\u00f3n.<\/p>\n\n\n\n<p>En caso de que en la Solicitud marque por objeto limitar la transferencia de sus datos personales a terceros, y de que la consideraci\u00f3n de su moci\u00f3n resulte procedente, IGL lo registrar\u00e1 en el listado de exclusi\u00f3n correspondiente.<\/p>\n\n\n\n<p><h2><strong><strong>Departamento de Datos Personales<\/strong>.<\/strong><\/h2><\/p>\n\n\n\n<p>Nombre: Departamento de Datos Personales de Inmobiliaria Granjas de la Loma, SAPI de CV<\/p>\n\n\n\n<p>Domicilio: Blvd. Juan Alonso de Torres # 2002 int. 3001, Col. Valle del Campestre,<\/p>\n\n\n\n<p>C.P. 37125, Le\u00f3n, Guanajuato.<\/p>\n\n\n\n<p>Correo electr\u00f3nico: datospersonales@grupoalcon.com<\/p>\n\n\n\n<p>Horario: Lunes a jueves de 9:00 a 14:00 y 16:00 a 19:00 hrs. Viernes de 8:00 a 15:30 hrs.<\/p>\n\n\n\n<p><h2><strong><strong>Modificaciones al Aviso de Privacidad.<\/strong><\/strong><\/h2><\/p>\n\n\n\n<p>Grupo AlCon se reserva el derecho de efectuar en cualquier momento modificaciones al presente Aviso de Privacidad, para la atenci\u00f3n de novedades legislativas, pol\u00edticas internas o nuevos requerimientos para la prestaci\u00f3n u ofrecimiento de nuestros servicios o productos. En tal caso, publicar\u00e1 dentro del sitio web de www.grupoalcon.com, en la secci\u00f3n correspondiente al Aviso de Privacidad, la actualizaci\u00f3n del referido documento e indicar\u00e1 la fecha de la versi\u00f3n m\u00e1s reciente.<\/p>\n\n\n\n<p>En la medida que usted no solicite, en los t\u00e9rminos antes mencionados, la cancelaci\u00f3n y\/u oposici\u00f3n de sus datos personales y contin\u00fae accediendo y\/o utilizando, parcial o totalmente, nuestros servicios, implicar\u00e1 que ha aceptado y consentido tales cambios y\/o modificaciones.<\/p>\n\n\n\n<p>Si usted considera que su derecho de protecci\u00f3n de datos personales ha sido lesionado por alguna<\/p>\n\n\n\n<p>conducta de nuestros empleados, de nuestras actuaciones o respuestas, o presume que en el tratamiento de sus datos personales existe alguna violaci\u00f3n a las disposiciones previstas en la LFPDPPP, podr\u00e1 interponer la queja o denuncia correspondiente ante el IFAI, para mayor informaci\u00f3n visite: <a href=\"http:\/\/www.ifai.org.mx\">www.ifai.org.mx<\/a><\/p>\n","protected":false},"excerpt":{"rendered":"<p>Entre las empresas filiales y\/o subsidiarias pertenecientes a Grupo AlCon se pueden encontrar: Inmobiliaria Granjas de la Loma SAPI de C.V., Grupo Inmobiliario Granjas de Le\u00f3n S.A. de CV, Administradora y Operadora de CC de Le\u00f3n S.A. de C.V., Asociaci\u00f3n de Cond\u00f3minos Centro Comercial Plaza Mayor A.C., Servicios Corporativos Plaza Mayor S.A. de C.V., Arlomar, [&hellip;]<\/p>\n","protected":false},"author":1,"featured_media":0,"parent":0,"menu_order":0,"comment_status":"closed","ping_status":"closed","template":"","meta":{"site-sidebar-layout":"default","site-content-layout":"","ast-site-content-layout":"default","site-content-style":"default","site-sidebar-style":"default","ast-global-header-display":"","ast-banner-title-visibility":"","ast-main-header-display":"","ast-hfb-above-header-display":"","ast-hfb-below-header-display":"","ast-hfb-mobile-header-display":"","site-post-title":"","ast-breadcrumbs-content":"","ast-featured-img":"","footer-sml-layout":"","ast-disable-related-posts":"","theme-transparent-header-meta":"","adv-header-id-meta":"","stick-header-meta":"","header-above-stick-meta":"","header-main-stick-meta":"","header-below-stick-meta":"","astra-migrate-meta-layouts":"default","ast-page-background-enabled":"default","ast-page-background-meta":{"desktop":{"background-color":"var(--ast-global-color-4)","background-image":"","background-repeat":"repeat","background-position":"center center","background-size":"auto","background-attachment":"scroll","background-type":"","background-media":"","overlay-type":"","overlay-color":"","overlay-opacity":"","overlay-gradient":""},"tablet":{"background-color":"","background-image":"","background-repeat":"repeat","background-position":"center center","background-size":"auto","background-attachment":"scroll","background-type":"","background-media":"","overlay-type":"","overlay-color":"","overlay-opacity":"","overlay-gradient":""},"mobile":{"background-color":"","background-image":"","background-repeat":"repeat","background-position":"center center","background-size":"auto","background-attachment":"scroll","background-type":"","background-media":"","overlay-type":"","overlay-color":"","overlay-opacity":"","overlay-gradient":""}},"ast-content-background-meta":{"desktop":{"background-color":"var(--ast-global-color-5)","background-image":"","background-repeat":"repeat","background-position":"center center","background-size":"auto","background-attachment":"scroll","background-type":"","background-media":"","overlay-type":"","overlay-color":"","overlay-opacity":"","overlay-gradient":""},"tablet":{"background-color":"var(--ast-global-color-5)","background-image":"","background-repeat":"repeat","background-position":"center center","background-size":"auto","background-attachment":"scroll","background-type":"","background-media":"","overlay-type":"","overlay-color":"","overlay-opacity":"","overlay-gradient":""},"mobile":{"background-color":"var(--ast-global-color-5)","background-image":"","background-repeat":"repeat","background-position":"center center","background-size":"auto","background-attachment":"scroll","background-type":"","background-media":"","overlay-type":"","overlay-color":"","overlay-opacity":"","overlay-gradient":""}},"footnotes":""},"class_list":["post-847","page","type-page","status-publish","hentry"],"_links":{"self":[{"href":"https:\/\/grupoalcon.com\/GrupoAlconWeb\/wp-json\/wp\/v2\/pages\/847","targetHints":{"allow":["GET"]}}],"collection":[{"href":"https:\/\/grupoalcon.com\/GrupoAlconWeb\/wp-json\/wp\/v2\/pages"}],"about":[{"href":"https:\/\/grupoalcon.com\/GrupoAlconWeb\/wp-json\/wp\/v2\/types\/page"}],"author":[{"embeddable":true,"href":"https:\/\/grupoalcon.com\/GrupoAlconWeb\/wp-json\/wp\/v2\/users\/1"}],"replies":[{"embeddable":true,"href":"https:\/\/grupoalcon.com\/GrupoAlconWeb\/wp-json\/wp\/v2\/comments?post=847"}],"version-history":[{"count":2,"href":"https:\/\/grupoalcon.com\/GrupoAlconWeb\/wp-json\/wp\/v2\/pages\/847\/revisions"}],"predecessor-version":[{"id":1501,"href":"https:\/\/grupoalcon.com\/GrupoAlconWeb\/wp-json\/wp\/v2\/pages\/847\/revisions\/1501"}],"wp:attachment":[{"href":"https:\/\/grupoalcon.com\/GrupoAlconWeb\/wp-json\/wp\/v2\/media?parent=847"}],"curies":[{"name":"wp","href":"https:\/\/api.w.org\/{rel}","templated":true}]}}