{"id":563,"date":"2021-12-13T04:15:18","date_gmt":"2021-12-13T04:15:18","guid":{"rendered":"https:\/\/blockart-agency.sites.qsandbox.com\/?page_id=563"},"modified":"2023-09-07T19:15:28","modified_gmt":"2023-09-07T19:15:28","slug":"about","status":"publish","type":"page","link":"https:\/\/grupoalcon.com\/GrupoAlconWeb\/about\/","title":{"rendered":"Nosotros"},"content":{"rendered":"\n<p id=\"u691-2\">ANTECEDENTES<\/p>\n\n\n\n<p>A mediados de la d\u00e9cada de los 50\u2019s, Don Alejandro Arena Garc\u00eda adquiere una reserva territorial avecinada a la ciudad de Le\u00f3n Guanajuato, un \u00e1rea aproximada de 700 hect\u00e1reas denominada La Hacienda de Cerro Gordo.<\/p>\n\n\n\n<p>En los 70\u2019s construye su primer desarrollo inmobiliario, el Fracc. Panorama.<\/p>\n\n\n\n<p>Durante&nbsp; los 80\u2019s las colonias Valle del Campestre y Lomas del Campestre.<\/p>\n\n\n\n<p>En los&nbsp; 90 Villas del Campestre entre otros, en esta misma d\u00e9cada se inicia la construcci\u00f3n del Centro Comercial Plaza Mayor, lo que deton\u00f3 un gran dinamismo comercial y de servicios en el \u00e1rea.<\/p>\n\n\n\n<p>Aunado a las donaciones para instituciones educativas de alto prestigio como Colegio La Salle,&nbsp; Universidad del Baj\u00edo, Instituto Cumbres, ITESM y Colegio Miraflores,&nbsp; consolidando as\u00ed la&nbsp; mejor zona de la ciudad de Le\u00f3n.<\/p>\n\n\n\n<p>Actualmente, Grupo AL-CON se consolida como un grupo empresarial reconocido por mantenerse a la vanguardia en sus operaciones, al tiempo que promueve el desarrollo de su comunidad sobre la base de los m\u00e1s altos est\u00e1ndares de calidad y servicio.<\/p>\n\n\n\n<div class=\"wp-block-columns is-layout-flex wp-container-core-columns-is-layout-28f84493 wp-block-columns-is-layout-flex\">\n<div class=\"wp-block-column is-layout-flow wp-block-column-is-layout-flow\">\n<div class=\"blockart-image blockart-image-45428706\"><img loading=\"lazy\" decoding=\"async\" width=\"569\" height=\"660\" class=\"wp-image-1153\" src=\"https:\/\/grupoalcon.com\/GrupoAlconWeb\/wp-content\/uploads\/2023\/09\/Don-Alejandro-2.png\" alt=\"\" srcset=\"https:\/\/grupoalcon.com\/GrupoAlconWeb\/wp-content\/uploads\/2023\/09\/Don-Alejandro-2.png 569w, https:\/\/grupoalcon.com\/GrupoAlconWeb\/wp-content\/uploads\/2023\/09\/Don-Alejandro-2-259x300.png 259w\" sizes=\"auto, (max-width: 569px) 100vw, 569px\" \/><\/div>\n<\/div>\n\n\n\n<div class=\"wp-block-column is-layout-flow wp-block-column-is-layout-flow\">\n<div class=\"blockart-image blockart-image-a473441b\"><img loading=\"lazy\" decoding=\"async\" width=\"559\" height=\"660\" class=\"wp-image-1154\" src=\"https:\/\/grupoalcon.com\/GrupoAlconWeb\/wp-content\/uploads\/2023\/09\/Dona-Concepcion-2.png\" alt=\"\" srcset=\"https:\/\/grupoalcon.com\/GrupoAlconWeb\/wp-content\/uploads\/2023\/09\/Dona-Concepcion-2.png 559w, https:\/\/grupoalcon.com\/GrupoAlconWeb\/wp-content\/uploads\/2023\/09\/Dona-Concepcion-2-254x300.png 254w\" sizes=\"auto, (max-width: 559px) 100vw, 559px\" \/><\/div>\n<\/div>\n<\/div>\n\n\n\n<h1 class=\"wp-block-heading\">Filosof\u00eda<\/h1>\n\n\n\n<div class=\"blockart-section blockart-section-c6ea6a51\"><div class=\"blockart-container\"><div class=\"blockart-section-inner\">\n<div class=\"blockart-column blockart-column-d3e8fb46\"><div class=\"blockart-column-inner\">\n<h3 class=\"blockart-heading blockart-heading-aa9f2df7\">Misi\u00f3n<\/h3>\n\n\n\n<p class=\"blockart-paragraph blockart-paragraph-4bbf359f\">Somos un grupo empresarial cuya actividad consiste en realizar, promover y administrar desarrollos inmobiliarios, cumpliendo con las expectativas de nuestros clientes, a trav\u00e9s de la excelencia en competitividad, calidad, seguridad y servicio.<\/p>\n\n\n\n<p class=\"blockart-paragraph blockart-paragraph-b5af12bd\">Estamos comprometidos en el desarrollo de todos los que laboran con nuestras empresas y nuestra comunidad, cooperando con dad una de las actividades que realizamos a su crecimiento social, cultural y econ\u00f3mico. <\/p>\n<\/div><\/div>\n\n\n\n<div class=\"blockart-column blockart-column-7251f4d6\"><div class=\"blockart-column-inner\">\n<h3 class=\"blockart-heading blockart-heading-b3380f3a\">Visi\u00f3n<\/h3>\n\n\n\n<p class=\"blockart-paragraph blockart-paragraph-bdb7bf36\">Consolidarnos como un grupo empresarial con influencia nacional, basada en la forma de realizar nuestros negocios, todos ellos reconocidos por ser vanguardistas, promoviendo la integraci\u00f3n y el desarrollo de nuestro personal, as\u00ed como de nuestra comunidad con competitividad, servicio y calidad.<\/p>\n<\/div><\/div>\n<\/div><\/div><\/div>\n\n\n\n<div class=\"blockart-section blockart-section-9ade65a0\"><div class=\"blockart-container\"><div class=\"blockart-section-inner\">\n<div class=\"blockart-column blockart-column-9cd1395d\"><div class=\"blockart-column-inner\">\n<h3 class=\"blockart-heading blockart-heading-3c58fe65\">Valores<\/h3>\n\n\n\n<p class=\"blockart-paragraph blockart-paragraph-a29c7121\"><strong>Responsabilidad:<\/strong> Haciendo uso de nuestra capacidad de decisi\u00f3n, responder con absoluta certeza por cada uno de nuestros actos, generando credibilidad y respecto a trav\u00e9s del cumplimiento de nuestras metas y objetivos establecidos que nos hemos fijado.<\/p>\n\n\n\n<p class=\"blockart-paragraph blockart-paragraph-5c607900\"><strong>Honestidad:<\/strong> Es cumplir con nuestro c\u00f3digo de valores interno, jam\u00e1s defraudar a nadie con la confianza que nos han depositado, mantener nuestro respeto propio, realizar lo que debemos hacer de acuerdo a la justicia y la verdad.<\/p>\n\n\n\n<p class=\"blockart-paragraph blockart-paragraph-f7098fe8\"><strong>Servir con entusiasmo:<\/strong> La productividad es ante todo una actitud mental de querer hacer la cosas bien, buscando la fuerza interior de nuestras convicciones, que nos impulsan a adaptarnos a todas las circunstancias, obteniendo de cada una de ellas lo mejor.<\/p>\n\n\n\n<p><strong>Trabajo en equipo:<\/strong> Poner al servicio de los dem\u00e1s y de mi propia empresa mis conocimientos y actitudes. Reconocer que el trabajo en equipo exige una comunicaci\u00f3n abierta entre sus miembros, esencial para coordinar todas nuestras actividades obteniendo un resultado final y exitoso.<\/p>\n\n\n\n<p><strong>Creatividad:<\/strong> Es la producci\u00f3n personal de nuestras y formas de visualizar el mundo, esto es de ideas innovadoras de inter\u00e9s y aportaci\u00f3n social, que necesariamente deben verse acompa\u00f1adas por esfuerzos de estructuraci\u00f3n y aplicaci\u00f3n de tales ideas.<\/p>\n\n\n\n<p><strong>Lealtad:<\/strong> Entendida como el desarrollo integral de convicciones, para tomar como base lo que no cambia, lo que perdura a trav\u00e9s del tiempo y que nos permitir\u00e1 decidir minimizando riesgos de equivocaci\u00f3n. Las convicciones, base de la lealtad con mis principios del compromiso.<\/p>\n\n\n\n<p><strong>Honradez:<\/strong> Resultado de nuestro propio esfuerzo, no apropiarse o valerse de logros ajenos, actuar siempre con principios \u00e9ticos, no mentir, no inculpar a los dem\u00e1s, no robar, no enga\u00f1ar.<\/p>\n\n\n\n<p><strong>Respeto:<\/strong> Considerar a todos los compa\u00f1eros de trabajo como iguales en el plano humano, cualquiera que sea su puesto y funciones, aceptando que solo valora a los dem\u00e1s quien ha logrado aquilatarse a si mismo como persona.<\/p>\n\n\n\n<p><strong>Integridad:<\/strong> Actuar con rectitud y transparencia.<\/p>\n<\/div><\/div>\n<\/div><\/div><\/div>\n\n\n\n<h2 class=\"blockart-heading blockart-heading-0c9bb3ea\"><\/h2>\n\n\n\n<h2 class=\"blockart-heading blockart-heading-9e713e6b\"><\/h2>\n\n\n\n<p><\/p>\n\n\n\n<h2 class=\"blockart-heading blockart-heading-a59be126\"><\/h2>\n\n\n\n<h2 class=\"blockart-heading blockart-heading-9bb6f4af\"><\/h2>\n\n\n\n<h2 class=\"blockart-heading blockart-heading-426543cf\"><\/h2>\n\n\n\n<h2 class=\"wp-block-heading\"><\/h2>\n\n\n\n<h2 class=\"wp-block-heading\"><\/h2>\n","protected":false},"excerpt":{"rendered":"<p>ANTECEDENTES A mediados de la d\u00e9cada de los 50\u2019s, Don Alejandro Arena Garc\u00eda adquiere una reserva territorial avecinada a la ciudad de Le\u00f3n Guanajuato, un \u00e1rea aproximada de 700 hect\u00e1reas denominada La Hacienda de Cerro Gordo. En los 70\u2019s construye su primer desarrollo inmobiliario, el Fracc. Panorama. Durante&nbsp; los 80\u2019s las colonias Valle del Campestre [&hellip;]<\/p>\n","protected":false},"author":1,"featured_media":0,"parent":0,"menu_order":0,"comment_status":"closed","ping_status":"closed","template":"page-templates\/pagebuilder.php","meta":{"site-sidebar-layout":"default","site-content-layout":"","ast-site-content-layout":"default","site-content-style":"default","site-sidebar-style":"default","ast-global-header-display":"","ast-banner-title-visibility":"","ast-main-header-display":"","ast-hfb-above-header-display":"","ast-hfb-below-header-display":"","ast-hfb-mobile-header-display":"","site-post-title":"","ast-breadcrumbs-content":"","ast-featured-img":"","footer-sml-layout":"","ast-disable-related-posts":"","theme-transparent-header-meta":"","adv-header-id-meta":"","stick-header-meta":"","header-above-stick-meta":"","header-main-stick-meta":"","header-below-stick-meta":"","astra-migrate-meta-layouts":"default","ast-page-background-enabled":"default","ast-page-background-meta":{"desktop":{"background-color":"var(--ast-global-color-4)","background-image":"","background-repeat":"repeat","background-position":"center center","background-size":"auto","background-attachment":"scroll","background-type":"","background-media":"","overlay-type":"","overlay-color":"","overlay-opacity":"","overlay-gradient":""},"tablet":{"background-color":"","background-image":"","background-repeat":"repeat","background-position":"center center","background-size":"auto","background-attachment":"scroll","background-type":"","background-media":"","overlay-type":"","overlay-color":"","overlay-opacity":"","overlay-gradient":""},"mobile":{"background-color":"","background-image":"","background-repeat":"repeat","background-position":"center center","background-size":"auto","background-attachment":"scroll","background-type":"","background-media":"","overlay-type":"","overlay-color":"","overlay-opacity":"","overlay-gradient":""}},"ast-content-background-meta":{"desktop":{"background-color":"var(--ast-global-color-5)","background-image":"","background-repeat":"repeat","background-position":"center center","background-size":"auto","background-attachment":"scroll","background-type":"","background-media":"","overlay-type":"","overlay-color":"","overlay-opacity":"","overlay-gradient":""},"tablet":{"background-color":"var(--ast-global-color-5)","background-image":"","background-repeat":"repeat","background-position":"center center","background-size":"auto","background-attachment":"scroll","background-type":"","background-media":"","overlay-type":"","overlay-color":"","overlay-opacity":"","overlay-gradient":""},"mobile":{"background-color":"var(--ast-global-color-5)","background-image":"","background-repeat":"repeat","background-position":"center center","background-size":"auto","background-attachment":"scroll","background-type":"","background-media":"","overlay-type":"","overlay-color":"","overlay-opacity":"","overlay-gradient":""}},"footnotes":""},"class_list":["post-563","page","type-page","status-publish","hentry"],"_links":{"self":[{"href":"https:\/\/grupoalcon.com\/GrupoAlconWeb\/wp-json\/wp\/v2\/pages\/563","targetHints":{"allow":["GET"]}}],"collection":[{"href":"https:\/\/grupoalcon.com\/GrupoAlconWeb\/wp-json\/wp\/v2\/pages"}],"about":[{"href":"https:\/\/grupoalcon.com\/GrupoAlconWeb\/wp-json\/wp\/v2\/types\/page"}],"author":[{"embeddable":true,"href":"https:\/\/grupoalcon.com\/GrupoAlconWeb\/wp-json\/wp\/v2\/users\/1"}],"replies":[{"embeddable":true,"href":"https:\/\/grupoalcon.com\/GrupoAlconWeb\/wp-json\/wp\/v2\/comments?post=563"}],"version-history":[{"count":8,"href":"https:\/\/grupoalcon.com\/GrupoAlconWeb\/wp-json\/wp\/v2\/pages\/563\/revisions"}],"predecessor-version":[{"id":1161,"href":"https:\/\/grupoalcon.com\/GrupoAlconWeb\/wp-json\/wp\/v2\/pages\/563\/revisions\/1161"}],"wp:attachment":[{"href":"https:\/\/grupoalcon.com\/GrupoAlconWeb\/wp-json\/wp\/v2\/media?parent=563"}],"curies":[{"name":"wp","href":"https:\/\/api.w.org\/{rel}","templated":true}]}}