{"id":1079,"date":"2015-07-29T13:44:44","date_gmt":"2015-07-29T13:44:44","guid":{"rendered":"https:\/\/blockart-agency.sites.qsandbox.com\/?page_id=4"},"modified":"2025-01-23T16:03:03","modified_gmt":"2025-01-23T16:03:03","slug":"home","status":"publish","type":"page","link":"https:\/\/grupoalcon.com\/GrupoAlconWeb\/","title":{"rendered":"Inicio"},"content":{"rendered":"\n<div class=\"blockart-section blockart-section-3274e693\"><div class=\"blockart-container\"><div class=\"blockart-section-inner\">\n<div class=\"blockart-column blockart-column-0a833d6d\"><div class=\"blockart-column-inner\">\n<h2 class=\"wp-block-heading has-x-large-font-size\">\u00bfQui\u00e9nes somos?<\/h2>\n<\/div><\/div>\n\n\n\n<div class=\"blockart-column blockart-column-3a78c202\"><div class=\"blockart-column-inner\">\n<p class=\"has-medium-font-size\">Grupo Al-Con es una empresa que inicia operaciones en los a\u00f1os 60 en la Ciudad de Le\u00f3n y desde entonces, ha operado en el \u00e1mbito inmobiliario.<\/p>\n<\/div><\/div>\n<\/div><\/div><\/div>\n\n\n\n<div class=\"blockart-section blockart-section-ca3b7b9f\"><div class=\"blockart-container-fluid\"><div class=\"blockart-section-inner\">\n<div class=\"blockart-column blockart-column-5fa93e18\"><div class=\"blockart-column-inner\">\n<figure class=\"blockart-image blockart-image-f8461aa0\"><img loading=\"lazy\" decoding=\"async\" class=\"wp-image-402 hover-effect-static filter-none mask mask-none\" src=\"https:\/\/grupoalcon.com\/GrupoAlconWeb\/wp-content\/uploads\/2021\/12\/client.png\" alt=\"\" height=\"64\" width=\"64\"\/><\/figure>\n\n\n\n<h2 class=\"blockart-heading blockart-heading-12f0ef49\">Competitividad<\/h2>\n<\/div><\/div>\n\n\n\n<div class=\"blockart-column blockart-column-4eff3299\"><div class=\"blockart-column-inner\">\n<figure class=\"blockart-image blockart-image-9a37870e\"><img loading=\"lazy\" decoding=\"async\" class=\"wp-image-85 hover-effect-static filter-none mask mask-none\" src=\"https:\/\/grupoalcon.com\/GrupoAlconWeb\/wp-content\/uploads\/2021\/12\/icon-idea.png\" alt=\"\" height=\"65\" width=\"64\"\/><\/figure>\n\n\n\n<h2 class=\"blockart-heading blockart-heading-2276db7c\">IDEAs<\/h2>\n<\/div><\/div>\n\n\n\n<div class=\"blockart-column blockart-column-e090615f\"><div class=\"blockart-column-inner\">\n<figure class=\"blockart-image blockart-image-1db335ff\"><img loading=\"lazy\" decoding=\"async\" class=\"wp-image-80 hover-effect-static filter-none mask mask-none\" src=\"https:\/\/grupoalcon.com\/GrupoAlconWeb\/wp-content\/uploads\/2021\/12\/icon-pixel-perfect.png\" alt=\"\" height=\"67\" width=\"66\"\/><\/figure>\n\n\n\n<h2 class=\"blockart-heading blockart-heading-e868582c\">excelencia<\/h2>\n<\/div><\/div>\n\n\n\n<div class=\"blockart-column blockart-column-71394df3\"><div class=\"blockart-column-inner\">\n<figure class=\"blockart-image blockart-image-1460ab37\"><img loading=\"lazy\" decoding=\"async\" class=\"wp-image-82 hover-effect-static filter-none mask mask-none\" src=\"https:\/\/grupoalcon.com\/GrupoAlconWeb\/wp-content\/uploads\/2021\/12\/icon-seo-friendly.png\" alt=\"\" height=\"66\" width=\"64\"\/><\/figure>\n\n\n\n<h2 class=\"blockart-heading blockart-heading-e08baca8\">Desarrollo<\/h2>\n<\/div><\/div>\n\n\n\n<div class=\"blockart-column blockart-column-8c1f2a27\"><div class=\"blockart-column-inner\">\n<figure class=\"blockart-image blockart-image-fe57d899\"><img loading=\"lazy\" decoding=\"async\" class=\"wp-image-84 hover-effect-static filter-none mask mask-none\" src=\"https:\/\/grupoalcon.com\/GrupoAlconWeb\/wp-content\/uploads\/2021\/12\/icon-design.png\" alt=\"\" height=\"64\" width=\"67\"\/><\/figure>\n\n\n\n<h2 class=\"blockart-heading blockart-heading-e126d413\">dise\u00f1o<\/h2>\n<\/div><\/div>\n\n\n\n<div class=\"blockart-column blockart-column-b9af5683\"><div class=\"blockart-column-inner\">\n<figure class=\"blockart-image blockart-image-1886d445\"><img loading=\"lazy\" decoding=\"async\" class=\"wp-image-401 hover-effect-static filter-none mask mask-none\" src=\"https:\/\/grupoalcon.com\/GrupoAlconWeb\/wp-content\/uploads\/2021\/12\/icon-trust.png\" alt=\"\" height=\"64\" width=\"64\"\/><\/figure>\n\n\n\n<h2 class=\"blockart-heading blockart-heading-caca05f3\">Servicio<\/h2>\n<\/div><\/div>\n<\/div><\/div><\/div>\n\n\n\n<h1 class=\"wp-block-heading\">Proyectos del grupo<\/h1>\n\n\n\n<div class=\"wp-block-columns is-layout-flex wp-container-core-columns-is-layout-28f84493 wp-block-columns-is-layout-flex\">\n<div class=\"wp-block-column is-layout-flow wp-block-column-is-layout-flow\">\n<div class=\"wp-block-columns is-layout-flex wp-container-core-columns-is-layout-28f84493 wp-block-columns-is-layout-flex\">\n<div class=\"wp-block-column is-layout-flow wp-block-column-is-layout-flow\">\n<p class=\"has-medium-font-size\"><strong>PLAZA MAYOR<\/strong><\/p>\n\n\n\n<p class=\"blockart-paragraph blockart-paragraph-32011508\">El centro comercial m\u00e1s importante en la parte central de M\u00e9xico, consolidando una oferta \u00fanica en la regi\u00f3n de tiendas departamentales, tiendas de especialidades, restaurantes y agencias de autos.<\/p>\n\n\n\n<div class=\"wp-block-group is-layout-constrained wp-block-group-is-layout-constrained\">\n<div class=\"wp-block-columns is-layout-flex wp-container-core-columns-is-layout-28f84493 wp-block-columns-is-layout-flex\">\n<div class=\"wp-block-column is-layout-flow wp-block-column-is-layout-flow\" style=\"flex-basis:100%\">\n<p class=\"blockart-paragraph blockart-paragraph-1e68d873\"><strong><a href=\"https:\/\/www.plazamayor.mx\/\" data-type=\"link\" data-id=\"https:\/\/www.plazamayor.mx\/\">SABER M\u00c1S<\/a><\/strong><\/p>\n<\/div>\n<\/div>\n<\/div>\n\n\n\n<figure class=\"blockart-image blockart-image-16cfff68\"><img loading=\"lazy\" decoding=\"async\" class=\"wp-image-1203 hover-effect-static filter-none mask mask-none\" src=\"https:\/\/grupoalcon.com\/GrupoAlconWeb\/wp-content\/uploads\/2023\/09\/paza-1.jpg\" alt=\"\" height=\"539\" width=\"960\" srcset=\"https:\/\/grupoalcon.com\/GrupoAlconWeb\/wp-content\/uploads\/2023\/09\/paza-1.jpg 960w, https:\/\/grupoalcon.com\/GrupoAlconWeb\/wp-content\/uploads\/2023\/09\/paza-1-300x168.jpg 300w, https:\/\/grupoalcon.com\/GrupoAlconWeb\/wp-content\/uploads\/2023\/09\/paza-1-768x431.jpg 768w, https:\/\/grupoalcon.com\/GrupoAlconWeb\/wp-content\/uploads\/2023\/09\/paza-1-600x337.jpg 600w\" sizes=\"auto, (max-width: 960px) 100vw, 960px\" \/><\/figure>\n<\/div>\n\n\n\n<div class=\"wp-block-column is-layout-flow wp-block-column-is-layout-flow\">\n<p class=\"has-medium-font-size\"><strong>CASA DE PIEDRA<\/strong><\/p>\n\n\n\n<p class=\"blockart-paragraph blockart-paragraph-d433151a\">La ex hacienda, casa de piedra, famosa por su arquitectura y tradici\u00f3n, fue fundada en 1845, Actualmente es uno de los recintos m\u00e1s importantes de la regi\u00f3n para eventos sociales como Bodas, XV a\u00f1os, infantiles, y reuniones empresariales, reconocido por su atenci\u00f3n y calidad de servicio.<\/p>\n\n\n\n<p><strong><a href=\"https:\/\/casadepiedraleon.mx\/\" data-type=\"link\" data-id=\"https:\/\/www.plazamayor.mx\/\">SABER M\u00c1S<\/a><\/strong><\/p>\n\n\n\n<figure class=\"blockart-image blockart-image-0d68dfa1\"><img loading=\"lazy\" decoding=\"async\" class=\"wp-image-1171 hover-effect-static filter-none mask mask-none\" src=\"https:\/\/grupoalcon.com\/GrupoAlconWeb\/wp-content\/uploads\/2023\/09\/DSC_3679-1024x683-1.jpg\" alt=\"\" height=\"683\" width=\"1024\" srcset=\"https:\/\/grupoalcon.com\/GrupoAlconWeb\/wp-content\/uploads\/2023\/09\/DSC_3679-1024x683-1.jpg 1024w, https:\/\/grupoalcon.com\/GrupoAlconWeb\/wp-content\/uploads\/2023\/09\/DSC_3679-1024x683-1-300x200.jpg 300w, https:\/\/grupoalcon.com\/GrupoAlconWeb\/wp-content\/uploads\/2023\/09\/DSC_3679-1024x683-1-768x512.jpg 768w, https:\/\/grupoalcon.com\/GrupoAlconWeb\/wp-content\/uploads\/2023\/09\/DSC_3679-1024x683-1-600x400.jpg 600w\" sizes=\"auto, (max-width: 1024px) 100vw, 1024px\" \/><\/figure>\n<\/div>\n\n\n\n<div class=\"wp-block-column is-layout-flow wp-block-column-is-layout-flow\">\n<p class=\"has-medium-font-size\"><strong>FUNDACI\u00d3N PLAZA MAYOR<\/strong><\/p>\n\n\n\n<p class=\"blockart-paragraph blockart-paragraph-70c37f9c\">Asociaci\u00f3n Civil sin fines de lucro, con la misi\u00f3n de fortalecer a las comunidades m\u00e1s desfavorecidas de la ciudad de Le\u00f3n, para mejorar sus condiciones de vida, buscando su desarrollo autosustentable a trav\u00e9s de la creaci\u00f3n de espacios que les ofrezcan oportunidades dignas.<br><\/p>\n\n\n\n<p><strong><a href=\"https:\/\/fpm.org.mx\/\">SABER M\u00c1S<\/a><\/strong><\/p>\n\n\n\n<figure class=\"blockart-image blockart-image-0b6db6e3\"><img loading=\"lazy\" decoding=\"async\" class=\"wp-image-1177 hover-effect-static filter-none mask mask-none\" src=\"https:\/\/grupoalcon.com\/GrupoAlconWeb\/wp-content\/uploads\/2023\/09\/fundacion.png\" alt=\"\" height=\"80\" width=\"140\"\/><\/figure>\n<\/div>\n<\/div>\n<\/div>\n<\/div>\n\n\n\n\n\n<div class=\"blockart-section blockart-section-23db8207\"><div class=\"blockart-container-fluid\"><div class=\"blockart-section-inner\">\n<div class=\"blockart-column blockart-column-8395e5a7\"><div class=\"blockart-column-inner\">\n<figure class=\"blockart-image blockart-image-7ce3a6fc\"><img loading=\"lazy\" decoding=\"async\" width=\"1024\" height=\"683\" class=\"wp-image-1192 hover-effect-static filter-none mask mask-none\" src=\"https:\/\/grupoalcon.com\/GrupoAlconWeb\/wp-content\/uploads\/2023\/09\/DSC_3676-1024x683-1.jpg\" alt=\"\" srcset=\"https:\/\/grupoalcon.com\/GrupoAlconWeb\/wp-content\/uploads\/2023\/09\/DSC_3676-1024x683-1.jpg 1024w, https:\/\/grupoalcon.com\/GrupoAlconWeb\/wp-content\/uploads\/2023\/09\/DSC_3676-1024x683-1-300x200.jpg 300w, https:\/\/grupoalcon.com\/GrupoAlconWeb\/wp-content\/uploads\/2023\/09\/DSC_3676-1024x683-1-768x512.jpg 768w, https:\/\/grupoalcon.com\/GrupoAlconWeb\/wp-content\/uploads\/2023\/09\/DSC_3676-1024x683-1-600x400.jpg 600w\" sizes=\"auto, (max-width: 1024px) 100vw, 1024px\" \/><\/figure>\n<\/div><\/div>\n\n\n\n<div class=\"blockart-column blockart-column-6bee2af2\"><div class=\"blockart-column-inner\">\n<figure class=\"blockart-image blockart-image-043d5184\"><img loading=\"lazy\" decoding=\"async\" width=\"1024\" height=\"682\" class=\"wp-image-1193 hover-effect-static filter-none mask mask-none\" src=\"https:\/\/grupoalcon.com\/GrupoAlconWeb\/wp-content\/uploads\/2023\/09\/casapiedra.jpg\" alt=\"\" srcset=\"https:\/\/grupoalcon.com\/GrupoAlconWeb\/wp-content\/uploads\/2023\/09\/casapiedra.jpg 1024w, https:\/\/grupoalcon.com\/GrupoAlconWeb\/wp-content\/uploads\/2023\/09\/casapiedra-300x200.jpg 300w, https:\/\/grupoalcon.com\/GrupoAlconWeb\/wp-content\/uploads\/2023\/09\/casapiedra-768x512.jpg 768w, https:\/\/grupoalcon.com\/GrupoAlconWeb\/wp-content\/uploads\/2023\/09\/casapiedra-600x400.jpg 600w\" sizes=\"auto, (max-width: 1024px) 100vw, 1024px\" \/><\/figure>\n<\/div><\/div>\n\n\n\n<div class=\"blockart-column blockart-column-fd901356\"><div class=\"blockart-column-inner\">\n<figure class=\"blockart-image blockart-image-945e1eee\"><img loading=\"lazy\" decoding=\"async\" width=\"960\" height=\"539\" class=\"wp-image-1203 hover-effect-static filter-none mask mask-none\" src=\"https:\/\/grupoalcon.com\/GrupoAlconWeb\/wp-content\/uploads\/2023\/09\/paza-1.jpg\" alt=\"\" srcset=\"https:\/\/grupoalcon.com\/GrupoAlconWeb\/wp-content\/uploads\/2023\/09\/paza-1.jpg 960w, https:\/\/grupoalcon.com\/GrupoAlconWeb\/wp-content\/uploads\/2023\/09\/paza-1-300x168.jpg 300w, https:\/\/grupoalcon.com\/GrupoAlconWeb\/wp-content\/uploads\/2023\/09\/paza-1-768x431.jpg 768w, https:\/\/grupoalcon.com\/GrupoAlconWeb\/wp-content\/uploads\/2023\/09\/paza-1-600x337.jpg 600w\" sizes=\"auto, (max-width: 960px) 100vw, 960px\" \/><\/figure>\n<\/div><\/div>\n\n\n\n<div class=\"blockart-column blockart-column-0edff57f\"><div class=\"blockart-column-inner\">\n<figure class=\"blockart-image blockart-image-4cf51b56\"><img loading=\"lazy\" decoding=\"async\" width=\"2500\" height=\"1874\" class=\"wp-image-1205 hover-effect-static filter-none mask mask-none\" src=\"https:\/\/grupoalcon.com\/GrupoAlconWeb\/wp-content\/uploads\/2023\/09\/DJI_0079.jpg\" alt=\"\" srcset=\"https:\/\/grupoalcon.com\/GrupoAlconWeb\/wp-content\/uploads\/2023\/09\/DJI_0079.jpg 2500w, https:\/\/grupoalcon.com\/GrupoAlconWeb\/wp-content\/uploads\/2023\/09\/DJI_0079-300x225.jpg 300w, https:\/\/grupoalcon.com\/GrupoAlconWeb\/wp-content\/uploads\/2023\/09\/DJI_0079-1024x768.jpg 1024w, https:\/\/grupoalcon.com\/GrupoAlconWeb\/wp-content\/uploads\/2023\/09\/DJI_0079-768x576.jpg 768w, https:\/\/grupoalcon.com\/GrupoAlconWeb\/wp-content\/uploads\/2023\/09\/DJI_0079-1536x1151.jpg 1536w, https:\/\/grupoalcon.com\/GrupoAlconWeb\/wp-content\/uploads\/2023\/09\/DJI_0079-2048x1535.jpg 2048w, https:\/\/grupoalcon.com\/GrupoAlconWeb\/wp-content\/uploads\/2023\/09\/DJI_0079-600x450.jpg 600w\" sizes=\"auto, (max-width: 2500px) 100vw, 2500px\" \/><\/figure>\n<\/div><\/div>\n<\/div><\/div><\/div>\n\n\n\n<div class=\"blockart-section blockart-section-d125d5f9\"><div class=\"blockart-container-fluid\"><div class=\"blockart-section-inner\">\n<div class=\"blockart-column blockart-column-a85bf22f\"><div class=\"blockart-column-inner\">\n<figure class=\"blockart-image blockart-image-e5744859\"><img loading=\"lazy\" decoding=\"async\" width=\"300\" height=\"169\" class=\"wp-image-1199 hover-effect-static filter-none mask mask-none\" src=\"https:\/\/grupoalcon.com\/GrupoAlconWeb\/wp-content\/uploads\/2023\/09\/DSC_3697-300x169-2.jpg\" alt=\"\"\/><\/figure>\n<\/div><\/div>\n\n\n\n<div class=\"blockart-column blockart-column-0e1f7934\"><div class=\"blockart-column-inner\">\n<figure class=\"blockart-image blockart-image-6fe2131a\"><img loading=\"lazy\" decoding=\"async\" width=\"1024\" height=\"683\" class=\"wp-image-1201 hover-effect-static filter-none mask mask-none\" src=\"https:\/\/grupoalcon.com\/GrupoAlconWeb\/wp-content\/uploads\/2023\/09\/DSC_3687-1024x683-2.jpg\" alt=\"\" srcset=\"https:\/\/grupoalcon.com\/GrupoAlconWeb\/wp-content\/uploads\/2023\/09\/DSC_3687-1024x683-2.jpg 1024w, https:\/\/grupoalcon.com\/GrupoAlconWeb\/wp-content\/uploads\/2023\/09\/DSC_3687-1024x683-2-300x200.jpg 300w, https:\/\/grupoalcon.com\/GrupoAlconWeb\/wp-content\/uploads\/2023\/09\/DSC_3687-1024x683-2-768x512.jpg 768w, https:\/\/grupoalcon.com\/GrupoAlconWeb\/wp-content\/uploads\/2023\/09\/DSC_3687-1024x683-2-600x400.jpg 600w\" sizes=\"auto, (max-width: 1024px) 100vw, 1024px\" \/><\/figure>\n<\/div><\/div>\n\n\n\n<div class=\"blockart-column blockart-column-a2530a89\"><div class=\"blockart-column-inner\">\n<figure class=\"blockart-image blockart-image-9b40cd6d\"><img loading=\"lazy\" decoding=\"async\" width=\"960\" height=\"720\" class=\"wp-image-1206 hover-effect-static filter-none mask mask-none\" src=\"https:\/\/grupoalcon.com\/GrupoAlconWeb\/wp-content\/uploads\/2023\/09\/120166025.jpg\" alt=\"\" srcset=\"https:\/\/grupoalcon.com\/GrupoAlconWeb\/wp-content\/uploads\/2023\/09\/120166025.jpg 960w, https:\/\/grupoalcon.com\/GrupoAlconWeb\/wp-content\/uploads\/2023\/09\/120166025-300x225.jpg 300w, https:\/\/grupoalcon.com\/GrupoAlconWeb\/wp-content\/uploads\/2023\/09\/120166025-768x576.jpg 768w, https:\/\/grupoalcon.com\/GrupoAlconWeb\/wp-content\/uploads\/2023\/09\/120166025-600x450.jpg 600w\" sizes=\"auto, (max-width: 960px) 100vw, 960px\" \/><\/figure>\n<\/div><\/div>\n\n\n\n<div class=\"blockart-column blockart-column-c6665ee7\"><div class=\"blockart-column-inner\">\n<figure class=\"blockart-image blockart-image-8b4044ea\"><img loading=\"lazy\" decoding=\"async\" width=\"259\" height=\"194\" class=\"wp-image-1207 hover-effect-static filter-none mask mask-none\" src=\"https:\/\/grupoalcon.com\/GrupoAlconWeb\/wp-content\/uploads\/2023\/09\/descarga.jpg\" alt=\"\"\/><\/figure>\n<\/div><\/div>\n<\/div><\/div><\/div>\n\n\n\n<div class=\"blockart-section blockart-section-f453ba62\"><div class=\"blockart-container\"><div class=\"blockart-section-inner\">\n<div class=\"blockart-column blockart-column-5dabd232\"><div class=\"blockart-column-inner\">\n<figure class=\"blockart-image blockart-image-d94df48e\"><img loading=\"lazy\" decoding=\"async\" width=\"694\" height=\"350\" class=\"wp-image-1219 hover-effect-static filter-none mask mask-none\" src=\"https:\/\/grupoalcon.com\/GrupoAlconWeb\/wp-content\/uploads\/2023\/09\/esr.png\" alt=\"\" srcset=\"https:\/\/grupoalcon.com\/GrupoAlconWeb\/wp-content\/uploads\/2023\/09\/esr.png 694w, https:\/\/grupoalcon.com\/GrupoAlconWeb\/wp-content\/uploads\/2023\/09\/esr-300x151.png 300w, https:\/\/grupoalcon.com\/GrupoAlconWeb\/wp-content\/uploads\/2023\/09\/esr-600x303.png 600w\" sizes=\"auto, (max-width: 694px) 100vw, 694px\" \/><\/figure>\n<\/div><\/div>\n\n\n\n<div class=\"blockart-column blockart-column-ad6cd62a\"><div class=\"blockart-column-inner\">\n<figure class=\"blockart-image blockart-image-3393d5de\"><img loading=\"lazy\" decoding=\"async\" width=\"244\" height=\"92\" class=\"wp-image-1215 hover-effect-static filter-none mask mask-none\" src=\"https:\/\/grupoalcon.com\/GrupoAlconWeb\/wp-content\/uploads\/2023\/09\/GA9-1.png\" alt=\"\"\/><\/figure>\n<\/div><\/div>\n\n\n\n<div class=\"blockart-column blockart-column-2bfd0fc9\"><div class=\"blockart-column-inner\">\n<figure class=\"blockart-image blockart-image-94accc8e\"><img loading=\"lazy\" decoding=\"async\" width=\"300\" height=\"300\" class=\"wp-image-1190 hover-effect-static filter-none mask mask-none\" src=\"https:\/\/grupoalcon.com\/GrupoAlconWeb\/wp-content\/uploads\/2023\/09\/cropped-LogoPM-300x300-3.webp\" alt=\"\" srcset=\"https:\/\/grupoalcon.com\/GrupoAlconWeb\/wp-content\/uploads\/2023\/09\/cropped-LogoPM-300x300-3.webp 300w, https:\/\/grupoalcon.com\/GrupoAlconWeb\/wp-content\/uploads\/2023\/09\/cropped-LogoPM-300x300-3-150x150.webp 150w, https:\/\/grupoalcon.com\/GrupoAlconWeb\/wp-content\/uploads\/2023\/09\/cropped-LogoPM-300x300-3-100x100.webp 100w\" sizes=\"auto, (max-width: 300px) 100vw, 300px\" \/><\/figure>\n<\/div><\/div>\n\n\n\n<div class=\"blockart-column blockart-column-84acbf7d\"><div class=\"blockart-column-inner\">\n<figure class=\"blockart-image blockart-image-f1202d10\"><img loading=\"lazy\" decoding=\"async\" width=\"140\" height=\"80\" class=\"wp-image-1177 hover-effect-static filter-none mask mask-none\" src=\"https:\/\/grupoalcon.com\/GrupoAlconWeb\/wp-content\/uploads\/2023\/09\/fundacion.png\" alt=\"\"\/><\/figure>\n<\/div><\/div>\n\n\n\n<div class=\"blockart-column blockart-column-094ab86c\"><div class=\"blockart-column-inner\">\n<figure class=\"blockart-image blockart-image-468b23e6\"><img loading=\"lazy\" decoding=\"async\" width=\"3480\" height=\"1330\" class=\"wp-image-1188 hover-effect-static filter-none mask mask-none\" src=\"https:\/\/grupoalcon.com\/GrupoAlconWeb\/wp-content\/uploads\/2023\/09\/logio-cdp@4x.png\" alt=\"\" srcset=\"https:\/\/grupoalcon.com\/GrupoAlconWeb\/wp-content\/uploads\/2023\/09\/logio-cdp@4x.png 3480w, https:\/\/grupoalcon.com\/GrupoAlconWeb\/wp-content\/uploads\/2023\/09\/logio-cdp@4x-300x115.png 300w, https:\/\/grupoalcon.com\/GrupoAlconWeb\/wp-content\/uploads\/2023\/09\/logio-cdp@4x-1024x391.png 1024w, https:\/\/grupoalcon.com\/GrupoAlconWeb\/wp-content\/uploads\/2023\/09\/logio-cdp@4x-768x294.png 768w, https:\/\/grupoalcon.com\/GrupoAlconWeb\/wp-content\/uploads\/2023\/09\/logio-cdp@4x-1536x587.png 1536w, https:\/\/grupoalcon.com\/GrupoAlconWeb\/wp-content\/uploads\/2023\/09\/logio-cdp@4x-2048x783.png 2048w, https:\/\/grupoalcon.com\/GrupoAlconWeb\/wp-content\/uploads\/2023\/09\/logio-cdp@4x-600x229.png 600w\" sizes=\"auto, (max-width: 3480px) 100vw, 3480px\" \/><\/figure>\n<\/div><\/div>\n<\/div><\/div><\/div>\n","protected":false},"excerpt":{"rendered":"<p>Proyectos del grupo PLAZA MAYOR CASA DE PIEDRA SABER M\u00c1S FUNDACI\u00d3N PLAZA MAYOR SABER M\u00c1S<\/p>\n","protected":false},"author":1,"featured_media":0,"parent":0,"menu_order":0,"comment_status":"closed","ping_status":"open","template":"","meta":{"site-sidebar-layout":"default","site-content-layout":"","ast-site-content-layout":"default","site-content-style":"default","site-sidebar-style":"default","ast-global-header-display":"","ast-banner-title-visibility":"","ast-main-header-display":"","ast-hfb-above-header-display":"","ast-hfb-below-header-display":"","ast-hfb-mobile-header-display":"","site-post-title":"","ast-breadcrumbs-content":"","ast-featured-img":"","footer-sml-layout":"","ast-disable-related-posts":"","theme-transparent-header-meta":"","adv-header-id-meta":"","stick-header-meta":"","header-above-stick-meta":"","header-main-stick-meta":"","header-below-stick-meta":"","astra-migrate-meta-layouts":"default","ast-page-background-enabled":"default","ast-page-background-meta":{"desktop":{"background-color":"var(--ast-global-color-4)","background-image":"","background-repeat":"repeat","background-position":"center center","background-size":"auto","background-attachment":"scroll","background-type":"","background-media":"","overlay-type":"","overlay-color":"","overlay-opacity":"","overlay-gradient":""},"tablet":{"background-color":"","background-image":"","background-repeat":"repeat","background-position":"center center","background-size":"auto","background-attachment":"scroll","background-type":"","background-media":"","overlay-type":"","overlay-color":"","overlay-opacity":"","overlay-gradient":""},"mobile":{"background-color":"","background-image":"","background-repeat":"repeat","background-position":"center center","background-size":"auto","background-attachment":"scroll","background-type":"","background-media":"","overlay-type":"","overlay-color":"","overlay-opacity":"","overlay-gradient":""}},"ast-content-background-meta":{"desktop":{"background-color":"var(--ast-global-color-5)","background-image":"","background-repeat":"repeat","background-position":"center center","background-size":"auto","background-attachment":"scroll","background-type":"","background-media":"","overlay-type":"","overlay-color":"","overlay-opacity":"","overlay-gradient":""},"tablet":{"background-color":"var(--ast-global-color-5)","background-image":"","background-repeat":"repeat","background-position":"center center","background-size":"auto","background-attachment":"scroll","background-type":"","background-media":"","overlay-type":"","overlay-color":"","overlay-opacity":"","overlay-gradient":""},"mobile":{"background-color":"var(--ast-global-color-5)","background-image":"","background-repeat":"repeat","background-position":"center center","background-size":"auto","background-attachment":"scroll","background-type":"","background-media":"","overlay-type":"","overlay-color":"","overlay-opacity":"","overlay-gradient":""}},"footnotes":""},"class_list":["post-1079","page","type-page","status-publish","hentry"],"_links":{"self":[{"href":"https:\/\/grupoalcon.com\/GrupoAlconWeb\/wp-json\/wp\/v2\/pages\/1079","targetHints":{"allow":["GET"]}}],"collection":[{"href":"https:\/\/grupoalcon.com\/GrupoAlconWeb\/wp-json\/wp\/v2\/pages"}],"about":[{"href":"https:\/\/grupoalcon.com\/GrupoAlconWeb\/wp-json\/wp\/v2\/types\/page"}],"author":[{"embeddable":true,"href":"https:\/\/grupoalcon.com\/GrupoAlconWeb\/wp-json\/wp\/v2\/users\/1"}],"replies":[{"embeddable":true,"href":"https:\/\/grupoalcon.com\/GrupoAlconWeb\/wp-json\/wp\/v2\/comments?post=1079"}],"version-history":[{"count":53,"href":"https:\/\/grupoalcon.com\/GrupoAlconWeb\/wp-json\/wp\/v2\/pages\/1079\/revisions"}],"predecessor-version":[{"id":1495,"href":"https:\/\/grupoalcon.com\/GrupoAlconWeb\/wp-json\/wp\/v2\/pages\/1079\/revisions\/1495"}],"wp:attachment":[{"href":"https:\/\/grupoalcon.com\/GrupoAlconWeb\/wp-json\/wp\/v2\/media?parent=1079"}],"curies":[{"name":"wp","href":"https:\/\/api.w.org\/{rel}","templated":true}]}}